{"id":5602,"date":"2017-04-27T16:39:42","date_gmt":"2017-04-27T16:39:42","guid":{"rendered":"http:\/\/mediatix.com.ar\/eolos\/?page_id=5602"},"modified":"2017-06-22T19:34:07","modified_gmt":"2017-06-22T19:34:07","slug":"soluciones-sector-educativo","status":"publish","type":"page","link":"https:\/\/mediatix.com.ar\/eolos\/soluciones-sector-educativo\/","title":{"rendered":"SOLUCIONES"},"content":{"rendered":"<p>[vc_row content_width=\u00bbgrid\u00bb css=\u00bb.vc_custom_1492727020342{padding-top: 80px !important;padding-bottom: 40px !important;}\u00bb][vc_column][vc_column_text el_class=\u00bbsoluciones_titulo\u00bb]Sector Educativo[\/vc_column_text][\/vc_column][\/vc_row][vc_row content_width=\u00bbgrid\u00bb][vc_column][vc_column_text]<img loading=\"lazy\" decoding=\"async\" class=\"alignnone wp-image-5618 size-full\" src=\"https:\/\/mediatix.com.ar\/eolos\/wp-content\/uploads\/2017\/04\/e_educacion_2.jpg\" alt=\"\" width=\"1600\" height=\"400\" srcset=\"https:\/\/mediatix.com.ar\/eolos\/wp-content\/uploads\/2017\/04\/e_educacion_2.jpg 1600w, https:\/\/mediatix.com.ar\/eolos\/wp-content\/uploads\/2017\/04\/e_educacion_2-300x75.jpg 300w, https:\/\/mediatix.com.ar\/eolos\/wp-content\/uploads\/2017\/04\/e_educacion_2-768x192.jpg 768w, https:\/\/mediatix.com.ar\/eolos\/wp-content\/uploads\/2017\/04\/e_educacion_2-1024x256.jpg 1024w\" sizes=\"auto, (max-width: 1600px) 100vw, 1600px\" \/>[\/vc_column_text][\/vc_column][\/vc_row][vc_row content_width=\u00bbgrid\u00bb css=\u00bb.vc_custom_1492736954221{padding-top: 40px !important;padding-bottom: 80px !important;}\u00bb][vc_column width=\u00bb1\/6&#8243;][\/vc_column][vc_column width=\u00bb4\/6&#8243;][vc_column_text el_class=\u00bbsoluciones_bajada\u00bb css=\u00bb.vc_custom_1498159259711{margin-bottom: 40px !important;padding-bottom: 20px !important;}\u00bb]El Sector Educativo necesita soluciones de comunicaciones que permitan integrar software e infraestructura. En EOLOS tenemos la experiencia para brindar una soluci\u00f3n a medida para administraci\u00f3n, docentes y alumnos en un campus virtual integrado con sus comunicaciones.[\/vc_column_text][vc_column_text]<\/p>\n<p>\u00bfC\u00f3mo comunicar varias sedes en una Universidad? \u00bfC\u00f3mo integrar la comunicaci\u00f3n de la administraci\u00f3n, los docentes y un servicio de calidad para los alumnos? En EOLOS tenemos la experiencia necesaria para que su entidad educativa brinde un servicio de comunicaci\u00f3n de calidad a todos sus usarios.<\/p>\n<div><span style=\"color: #00bc58;\"><strong>Distintos usuarios. Diferentes necesidades<\/strong>.<\/span><\/div>\n<p>La complejidad de las comunicaciones del sector educativo reside en el calendario de actividades. Durante las jornadas educativos la instituci\u00f3n tiene que estar preparada y ser flexible para brindar un excelente servicio en la sobrecarga de trabajo.<\/p>\n<p>M\u00faltiples sedes, avalancha de llamados, tiempos precisos de respuesta. En EOLOS tenemos la experiencia para que su organizaci\u00f3n educativa brinde comunicaciones de calidad para todo su ecosistema.[\/vc_column_text][\/vc_column][vc_column width=\u00bb1\/6&#8243;][\/vc_column][\/vc_row][vc_row content_width=\u00bbgrid\u00bb css=\u00bb.vc_custom_1492737058110{margin-bottom: 80px !important;border-top-width: 20px !important;padding-right: 20px !important;padding-bottom: 20px !important;padding-left: 20px !important;}\u00bb][vc_column][vc_column_text css=\u00bb.vc_custom_1498160041106{padding-top: 20px !important;padding-right: 20px !important;padding-bottom: 20px !important;padding-left: 20px !important;background-color: #f6f6f8 !important;}\u00bb]<strong><span style=\"color: #00bc58;\">Comunicando sabidur\u00eda.<\/span><\/strong><\/p>\n<p><strong>Facultad de Ciencias Veterinarias| Universidad Nacional de Rosario.<br \/>\n<\/strong><br \/>\nLa Facultad de Ciencias Veterinarias utiliza tecnolog\u00eda de EOLOS para comunicarse con todo el personal y docentes. Conozca m\u00e1s de la Facultad de Ciencias Veterinarias <a href=\"http:\/\/www.fveter.unr.edu.ar\/\" target=\"_blank\" rel=\"noopener noreferrer\">este link<\/a><\/p>\n<p><strong>Facultad de Ciencias M\u00e9dicas| Universidad Nacional de Rosario.<br \/>\n<\/strong><br \/>\nLos futuros doctores de Rosario utilizan las soluciones de EOLOS para contactarse con la Facultad de Medicina. Conozca m\u00e1s <a href=\"http:\/\/www.fcm.unr.edu.ar\/index.php\/es\/\" target=\"_blank\" rel=\"noopener noreferrer\">este link<\/a>[\/vc_column_text][\/vc_column][\/vc_row][vc_row content_width=\u00bbgrid\u00bb css=\u00bb.vc_custom_1492633628361{padding-top: 20px !important;padding-bottom: 20px !important;}\u00bb][vc_column] <div class=\"mkd-carousel-holder clearfix mkd-carousel-three-rows\"><div class=\"mkd-carousel \" data-items=\"4\" data-navigation=\"no\"> <div class=\"mkd-carousel-item-outer-holder border\"><div class=\"mkd-carousel-item-holder\">\r\n\t\t\t\t\t\t\t<\/div> <\/div> <div class=\"mkd-carousel-item-outer-holder border\"><div class=\"mkd-carousel-item-holder\">\r\n\t\t\t\t\t\t\t<\/div> <\/div> <div class=\"mkd-carousel-item-outer-holder border\"><div class=\"mkd-carousel-item-holder\">\r\n\t\t\t\t\t\t\t<\/div> <\/div> <div class=\"mkd-carousel-item-outer-holder border\"><div class=\"mkd-carousel-item-holder\">\r\n\t\t\t\t\t\t\t<\/div> <\/div> <div class=\"mkd-carousel-item-outer-holder border\"><div class=\"mkd-carousel-item-holder\">\r\n\t\t\t\t\t\t\t<\/div> <\/div> <div class=\"mkd-carousel-item-outer-holder border\"><div class=\"mkd-carousel-item-holder\">\r\n\t\t\t\t\t\t\t<\/div> <\/div> <div class=\"mkd-carousel-item-outer-holder border\"><div class=\"mkd-carousel-item-holder\">\r\n\t\t\t\t\t\t\t<\/div> <\/div> <div class=\"mkd-carousel-item-outer-holder border\"><div class=\"mkd-carousel-item-holder\">\r\n\t\t\t\t\t\t\t<\/div> <\/div> <div class=\"mkd-carousel-item-outer-holder border\"><div class=\"mkd-carousel-item-holder\">\r\n\t\t\t\t\t\t\t<\/div> <\/div> <div class=\"mkd-carousel-item-outer-holder border\"><div class=\"mkd-carousel-item-holder\">\r\n\t\t\t\t\t\t\t<\/div> <\/div> <div class=\"mkd-carousel-item-outer-holder border\"><div class=\"mkd-carousel-item-holder\">\r\n\t\t\t\t\t\t\t<\/div> <\/div> <div class=\"mkd-carousel-item-outer-holder border\"><div class=\"mkd-carousel-item-holder\">\r\n\t\t\t\t\t\t\t<\/div> <\/div> <div class=\"mkd-carousel-item-outer-holder border\"><div class=\"mkd-carousel-item-holder\">\r\n\t\t\t\t\t\t\t<\/div> <\/div> <div class=\"mkd-carousel-item-outer-holder border\"><div class=\"mkd-carousel-item-holder\">\r\n\t\t\t\t\t\t\t<\/div> <\/div> <div class=\"mkd-carousel-item-outer-holder border\"><div class=\"mkd-carousel-item-holder\">\r\n\t\t\t\t\t\t\t<\/div> <\/div> <div class=\"mkd-carousel-item-outer-holder border\"><div class=\"mkd-carousel-item-holder\">\r\n\t\t\t\t\t\t\t<\/div> <\/div> <div class=\"mkd-carousel-item-outer-holder border\"><div class=\"mkd-carousel-item-holder\">\r\n\t\t\t\t\t\t\t<\/div> <\/div> <div class=\"mkd-carousel-item-outer-holder border\"><div class=\"mkd-carousel-item-holder\">\r\n\t\t\t\t\t\t\t<\/div> <\/div><\/div><\/div>[\/vc_column][\/vc_row]<\/p>\n","protected":false},"excerpt":{"rendered":"<p>[vc_row content_width=\u00bbgrid\u00bb css=\u00bb.vc_custom_1492727020342{padding-top: 80px !important;padding-bottom: 40px !important;}\u00bb][vc_column][vc_column_text el_class=\u00bbsoluciones_titulo\u00bb]Sector Educativo[\/vc_column_text][\/vc_column][\/vc_row][vc_row content_width=\u00bbgrid\u00bb][vc_column][vc_column_text][\/vc_column_text][\/vc_column][\/vc_row][vc_row content_width=\u00bbgrid\u00bb css=\u00bb.vc_custom_1492736954221{padding-top: 40px !important;padding-bottom: 80px !important;}\u00bb][vc_column width=\u00bb1\/6&#8243;][\/vc_column][vc_column width=\u00bb4\/6&#8243;][vc_column_text el_class=\u00bbsoluciones_bajada\u00bb css=\u00bb.vc_custom_1498159259711{margin-bottom: 40px !important;padding-bottom: 20px !important;}\u00bb]El Sector Educativo necesita soluciones de comunicaciones que permitan integrar software e infraestructura. En EOLOS tenemos la experiencia para brindar una soluci\u00f3n&#8230;<\/p>\n","protected":false},"author":3,"featured_media":0,"parent":0,"menu_order":0,"comment_status":"closed","ping_status":"closed","template":"template-eolos.php","meta":{"footnotes":""},"class_list":["post-5602","page","type-page","status-publish","hentry"],"_links":{"self":[{"href":"https:\/\/mediatix.com.ar\/eolos\/wp-json\/wp\/v2\/pages\/5602","targetHints":{"allow":["GET"]}}],"collection":[{"href":"https:\/\/mediatix.com.ar\/eolos\/wp-json\/wp\/v2\/pages"}],"about":[{"href":"https:\/\/mediatix.com.ar\/eolos\/wp-json\/wp\/v2\/types\/page"}],"author":[{"embeddable":true,"href":"https:\/\/mediatix.com.ar\/eolos\/wp-json\/wp\/v2\/users\/3"}],"replies":[{"embeddable":true,"href":"https:\/\/mediatix.com.ar\/eolos\/wp-json\/wp\/v2\/comments?post=5602"}],"version-history":[{"count":5,"href":"https:\/\/mediatix.com.ar\/eolos\/wp-json\/wp\/v2\/pages\/5602\/revisions"}],"predecessor-version":[{"id":5806,"href":"https:\/\/mediatix.com.ar\/eolos\/wp-json\/wp\/v2\/pages\/5602\/revisions\/5806"}],"wp:attachment":[{"href":"https:\/\/mediatix.com.ar\/eolos\/wp-json\/wp\/v2\/media?parent=5602"}],"curies":[{"name":"wp","href":"https:\/\/api.w.org\/{rel}","templated":true}]}}