{"id":5194,"date":"2017-04-21T01:21:23","date_gmt":"2017-04-21T01:21:23","guid":{"rendered":"http:\/\/mediatix.com.ar\/eolos\/?page_id=5194"},"modified":"2017-06-23T17:25:29","modified_gmt":"2017-06-23T17:25:29","slug":"soluciones-contact-center","status":"publish","type":"page","link":"https:\/\/mediatix.com.ar\/eolos\/soluciones-contact-center\/","title":{"rendered":"SOLUCIONES"},"content":{"rendered":"<p>[vc_row content_width=\u00bbgrid\u00bb css=\u00bb.vc_custom_1492727020342{padding-top: 80px !important;padding-bottom: 40px !important;}\u00bb][vc_column][vc_column_text el_class=\u00bbsoluciones_titulo\u00bb]Contact Center[\/vc_column_text][\/vc_column][\/vc_row][vc_row content_width=\u00bbgrid\u00bb][vc_column][vc_column_text]<img loading=\"lazy\" decoding=\"async\" class=\"alignnone wp-image-5196 size-full\" src=\"https:\/\/mediatix.com.ar\/eolos\/wp-content\/uploads\/2017\/04\/e_contact_2.jpg\" alt=\"\" width=\"1600\" height=\"400\" srcset=\"https:\/\/mediatix.com.ar\/eolos\/wp-content\/uploads\/2017\/04\/e_contact_2.jpg 1600w, https:\/\/mediatix.com.ar\/eolos\/wp-content\/uploads\/2017\/04\/e_contact_2-300x75.jpg 300w, https:\/\/mediatix.com.ar\/eolos\/wp-content\/uploads\/2017\/04\/e_contact_2-768x192.jpg 768w, https:\/\/mediatix.com.ar\/eolos\/wp-content\/uploads\/2017\/04\/e_contact_2-1024x256.jpg 1024w\" sizes=\"auto, (max-width: 1600px) 100vw, 1600px\" \/>[\/vc_column_text][\/vc_column][\/vc_row][vc_row content_width=\u00bbgrid\u00bb css=\u00bb.vc_custom_1492736954221{padding-top: 40px !important;padding-bottom: 80px !important;}\u00bb][vc_column width=\u00bb1\/6&#8243;][\/vc_column][vc_column width=\u00bb4\/6&#8243;][vc_column_text el_class=\u00bbsoluciones_bajada\u00bb css=\u00bb.vc_custom_1498238370091{margin-bottom: 40px !important;padding-bottom: 20px !important;}\u00bb]Disponer de las funcionalidades de contacto telef\u00f3nico automatizado para centros de atenci\u00f3n inbound\/outbound\/blended, con capacidades de monitoreo de supervisi\u00f3n en tiempo real y muchas funcionalidades m\u00e1s.[\/vc_column_text][vc_column_text]A la hora de disponer de una soluci\u00f3n de infraestructura robusta que atienda miles de llamados, usted no puede improvisar. En <strong>EOLOS\u00a0<\/strong>no s\u00f3lo poseemos los conocimientos t\u00e9cnicos sino que somos especialistas en entender las necesidades de comunicaci\u00f3n de los Contact Centers.<\/p>\n<p>Disponer de las funcionalidades de contacto telef\u00f3nico automatizado para centros de atenci\u00f3n inbound \/ outbound \/ blended, con capacidades de monitorio de supervisi\u00f3n en tiempo real, intervenci\u00f3n de llamadas en modo coaching, grabaci\u00f3n de llamadas para gesti\u00f3n de calidad, estad\u00edsticas hist\u00f3ricas de control por campa\u00f1a \/agente \/ per\u00edodo de sistema de gesti\u00f3n (CRM, ERP, etc.) a la interfaz de agente son algunas de las funciones de nuestras soluciones..<\/p>\n<h4><span style=\"color: #00bc58;\"><br \/>\nSabemos de lo que hablamos. Entendemos qu\u00e9 necesita.<\/span><\/h4>\n<p>Nuestros clientes son exigentes y entendemos que cada cliente tiene diferentes necesidades. Sabemos la tecnolog\u00eda y tenemos la experiencia para que deposite su confianza en la infraestructura y el software de comunicaciones de su Contact Center.[\/vc_column_text][\/vc_column][vc_column width=\u00bb1\/6&#8243;][\/vc_column][\/vc_row][vc_row content_width=\u00bbgrid\u00bb css=\u00bb.vc_custom_1492737058110{margin-bottom: 80px !important;border-top-width: 20px !important;padding-right: 20px !important;padding-bottom: 20px !important;padding-left: 20px !important;}\u00bb][vc_column][vc_column_text css=\u00bb.vc_custom_1498238722716{padding-top: 20px !important;padding-right: 20px !important;padding-bottom: 20px !important;padding-left: 20px !important;background-color: #f6f6f8 !important;}\u00bb]<span style=\"color: #808080;\"><b>Llamadas que no se pierden.<\/b><\/span><\/p>\n<p><span style=\"color: #808080;\"><i>Desde el 147 en la Ciudad de Buenos Aires, hasta el sistema 107 de Emergencias en la Ciudad de Rosarios (Argentina) y el Contact Center de una universidad con miles de estudiantes, las soluciones de EOLOS son robustas, confiables y adaptables a sus necesidades.<\/i><\/span>[\/vc_column_text][\/vc_column][\/vc_row][vc_row content_width=\u00bbgrid\u00bb css=\u00bb.vc_custom_1492633628361{padding-top: 20px !important;padding-bottom: 20px !important;}\u00bb][vc_column] <div class=\"mkd-carousel-holder clearfix mkd-carousel-three-rows\"><div class=\"mkd-carousel \" data-items=\"4\" data-navigation=\"no\"> <div class=\"mkd-carousel-item-outer-holder border\"><div class=\"mkd-carousel-item-holder\">\r\n\t\t\t\t\t\t\t<\/div> <\/div> <div class=\"mkd-carousel-item-outer-holder border\"><div class=\"mkd-carousel-item-holder\">\r\n\t\t\t\t\t\t\t<\/div> <\/div> <div class=\"mkd-carousel-item-outer-holder border\"><div class=\"mkd-carousel-item-holder\">\r\n\t\t\t\t\t\t\t<\/div> <\/div> <div class=\"mkd-carousel-item-outer-holder border\"><div class=\"mkd-carousel-item-holder\">\r\n\t\t\t\t\t\t\t<\/div> <\/div> <div class=\"mkd-carousel-item-outer-holder border\"><div class=\"mkd-carousel-item-holder\">\r\n\t\t\t\t\t\t\t<\/div> <\/div> <div class=\"mkd-carousel-item-outer-holder border\"><div class=\"mkd-carousel-item-holder\">\r\n\t\t\t\t\t\t\t<\/div> <\/div> <div class=\"mkd-carousel-item-outer-holder border\"><div class=\"mkd-carousel-item-holder\">\r\n\t\t\t\t\t\t\t<\/div> <\/div> <div class=\"mkd-carousel-item-outer-holder border\"><div class=\"mkd-carousel-item-holder\">\r\n\t\t\t\t\t\t\t<\/div> <\/div> <div class=\"mkd-carousel-item-outer-holder border\"><div class=\"mkd-carousel-item-holder\">\r\n\t\t\t\t\t\t\t<\/div> <\/div> <div class=\"mkd-carousel-item-outer-holder border\"><div class=\"mkd-carousel-item-holder\">\r\n\t\t\t\t\t\t\t<\/div> <\/div> <div class=\"mkd-carousel-item-outer-holder border\"><div class=\"mkd-carousel-item-holder\">\r\n\t\t\t\t\t\t\t<\/div> <\/div> <div class=\"mkd-carousel-item-outer-holder border\"><div class=\"mkd-carousel-item-holder\">\r\n\t\t\t\t\t\t\t<\/div> <\/div> <div class=\"mkd-carousel-item-outer-holder border\"><div class=\"mkd-carousel-item-holder\">\r\n\t\t\t\t\t\t\t<\/div> <\/div> <div class=\"mkd-carousel-item-outer-holder border\"><div class=\"mkd-carousel-item-holder\">\r\n\t\t\t\t\t\t\t<\/div> <\/div> <div class=\"mkd-carousel-item-outer-holder border\"><div class=\"mkd-carousel-item-holder\">\r\n\t\t\t\t\t\t\t<\/div> <\/div> <div class=\"mkd-carousel-item-outer-holder border\"><div class=\"mkd-carousel-item-holder\">\r\n\t\t\t\t\t\t\t<\/div> <\/div> <div class=\"mkd-carousel-item-outer-holder border\"><div class=\"mkd-carousel-item-holder\">\r\n\t\t\t\t\t\t\t<\/div> <\/div> <div class=\"mkd-carousel-item-outer-holder border\"><div class=\"mkd-carousel-item-holder\">\r\n\t\t\t\t\t\t\t<\/div> <\/div><\/div><\/div>[\/vc_column][\/vc_row]<\/p>\n","protected":false},"excerpt":{"rendered":"<p>[vc_row content_width=\u00bbgrid\u00bb css=\u00bb.vc_custom_1492727020342{padding-top: 80px !important;padding-bottom: 40px !important;}\u00bb][vc_column][vc_column_text el_class=\u00bbsoluciones_titulo\u00bb]Contact Center[\/vc_column_text][\/vc_column][\/vc_row][vc_row content_width=\u00bbgrid\u00bb][vc_column][vc_column_text][\/vc_column_text][\/vc_column][\/vc_row][vc_row content_width=\u00bbgrid\u00bb css=\u00bb.vc_custom_1492736954221{padding-top: 40px !important;padding-bottom: 80px !important;}\u00bb][vc_column width=\u00bb1\/6&#8243;][\/vc_column][vc_column width=\u00bb4\/6&#8243;][vc_column_text el_class=\u00bbsoluciones_bajada\u00bb css=\u00bb.vc_custom_1498238370091{margin-bottom: 40px !important;padding-bottom: 20px !important;}\u00bb]Disponer de las funcionalidades de contacto telef\u00f3nico automatizado para centros de atenci\u00f3n inbound\/outbound\/blended, con capacidades de monitoreo de supervisi\u00f3n en tiempo real&#8230;<\/p>\n","protected":false},"author":3,"featured_media":0,"parent":0,"menu_order":0,"comment_status":"closed","ping_status":"closed","template":"template-eolos.php","meta":{"footnotes":""},"class_list":["post-5194","page","type-page","status-publish","hentry"],"_links":{"self":[{"href":"https:\/\/mediatix.com.ar\/eolos\/wp-json\/wp\/v2\/pages\/5194","targetHints":{"allow":["GET"]}}],"collection":[{"href":"https:\/\/mediatix.com.ar\/eolos\/wp-json\/wp\/v2\/pages"}],"about":[{"href":"https:\/\/mediatix.com.ar\/eolos\/wp-json\/wp\/v2\/types\/page"}],"author":[{"embeddable":true,"href":"https:\/\/mediatix.com.ar\/eolos\/wp-json\/wp\/v2\/users\/3"}],"replies":[{"embeddable":true,"href":"https:\/\/mediatix.com.ar\/eolos\/wp-json\/wp\/v2\/comments?post=5194"}],"version-history":[{"count":17,"href":"https:\/\/mediatix.com.ar\/eolos\/wp-json\/wp\/v2\/pages\/5194\/revisions"}],"predecessor-version":[{"id":5810,"href":"https:\/\/mediatix.com.ar\/eolos\/wp-json\/wp\/v2\/pages\/5194\/revisions\/5810"}],"wp:attachment":[{"href":"https:\/\/mediatix.com.ar\/eolos\/wp-json\/wp\/v2\/media?parent=5194"}],"curies":[{"name":"wp","href":"https:\/\/api.w.org\/{rel}","templated":true}]}}