{"id":5191,"date":"2017-04-21T01:18:40","date_gmt":"2017-04-21T01:18:40","guid":{"rendered":"http:\/\/mediatix.com.ar\/eolos\/?page_id=5191"},"modified":"2017-06-08T02:24:23","modified_gmt":"2017-06-08T02:24:23","slug":"soluciones-sector-privado","status":"publish","type":"page","link":"https:\/\/mediatix.com.ar\/eolos\/soluciones-sector-privado\/","title":{"rendered":"SOLUCIONES"},"content":{"rendered":"<p>[vc_row content_width=\u00bbgrid\u00bb css=\u00bb.vc_custom_1492727020342{padding-top: 80px !important;padding-bottom: 40px !important;}\u00bb][vc_column][vc_column_text el_class=\u00bbsoluciones_titulo\u00bb]Sector Privado[\/vc_column_text][\/vc_column][\/vc_row][vc_row content_width=\u00bbgrid\u00bb][vc_column][vc_column_text]<img loading=\"lazy\" decoding=\"async\" class=\"alignnone wp-image-5192 size-full\" src=\"https:\/\/mediatix.com.ar\/eolos\/wp-content\/uploads\/2017\/04\/e_empresa_2.jpg\" alt=\"\" width=\"1600\" height=\"400\" srcset=\"https:\/\/mediatix.com.ar\/eolos\/wp-content\/uploads\/2017\/04\/e_empresa_2.jpg 1600w, https:\/\/mediatix.com.ar\/eolos\/wp-content\/uploads\/2017\/04\/e_empresa_2-300x75.jpg 300w, https:\/\/mediatix.com.ar\/eolos\/wp-content\/uploads\/2017\/04\/e_empresa_2-768x192.jpg 768w, https:\/\/mediatix.com.ar\/eolos\/wp-content\/uploads\/2017\/04\/e_empresa_2-1024x256.jpg 1024w\" sizes=\"auto, (max-width: 1600px) 100vw, 1600px\" \/>[\/vc_column_text][\/vc_column][\/vc_row][vc_row content_width=\u00bbgrid\u00bb css=\u00bb.vc_custom_1492736954221{padding-top: 40px !important;padding-bottom: 80px !important;}\u00bb][vc_column width=\u00bb1\/6&#8243;][\/vc_column][vc_column width=\u00bb4\/6&#8243;][vc_column_text el_class=\u00bbsoluciones_bajada\u00bb css=\u00bb.vc_custom_1493228848466{margin-bottom: 40px !important;padding-bottom: 20px !important;}\u00bb]Eolos extiende el concepto de integraci\u00f3n a la m\u00e1xima expresi\u00f3n. Los clientes interact\u00faan con las organizaciones por m\u00faltiples v\u00edas de contacto: Web, Chat, Mensajer\u00eda m\u00f3vil, correo electr\u00f3nico, fax y telefon\u00eda.<b> <\/b>[\/vc_column_text][vc_column_text]No importa el tama\u00f1o de su organizaci\u00f3n, en <strong>eolos<\/strong> podemos brindarle soluciones de infraestructura y software de comunicaciones <em>customizadas<\/em> a sus necesidades. Entendemos que cada organizaci\u00f3n tiene diferentes grados de complejidad y necesita de soluciones adaptables, robustas y con gran flexibilidad.<\/p>\n<p><strong><span style=\"color: #00bc58;\">Nos gusta resolver problemas complejos.<\/span><\/strong><\/p>\n<p>El departamento de ingenier\u00eda de eolos tiene gran experiencia adaptando sus soluciones a grandes problem\u00e1ticas y brindando gran disponibilidad de las comunicaciones en cualquier tipo de plataformas. Integramos, adaptamos y ofrecemos a nuestros clientes soluciones flexibles teniendo en cuenta el core de su negocio.<\/p>\n<p>Sean organizaciones p\u00fablicas, educativas o privadas en eolos podemos ayudarlo a que sus comunicaciones sean m\u00e1s seguras y eficaces.[\/vc_column_text][\/vc_column][vc_column width=\u00bb1\/6&#8243;][\/vc_column][\/vc_row][vc_row content_width=\u00bbgrid\u00bb css=\u00bb.vc_custom_1492737058110{margin-bottom: 80px !important;border-top-width: 20px !important;padding-right: 20px !important;padding-bottom: 20px !important;padding-left: 20px !important;}\u00bb][vc_column][vc_column_text css=\u00bb.vc_custom_1496888618611{padding-top: 20px !important;padding-right: 20px !important;padding-bottom: 20px !important;padding-left: 20px !important;background-color: #f6f6f8 !important;}\u00bb]<strong><span style=\"color: #00bc58;\">Soluciones flexibles, robustas y adaptables.<\/span><\/strong><\/p>\n<p><strong>Salud | Grupo Oro\u00f1o.<\/strong><br \/>\nDesde hace m\u00e1s de 50 a\u00f1os, Grupo Oto\u00f1o, en la ciudad de Rosario, Provincia de Santa Fe, es sin\u00f3nimo de salud. Hoy Grupo Oro\u00f1o posee la infraestructura de comunicaciones y de call center que le permite brindar una comunicaci\u00f3n robusta a sus miles de pacientes. \u00a0Conozca m\u00e1s sobre Grupo Oro\u00f1o en <a href=\"http:\/\/www.grupoorono.com.ar\/\" target=\"_blank\" rel=\"noopener noreferrer\">este link<\/a><\/p>\n<p><strong>Sindicatos | FUVA.<\/strong><br \/>\nUna organizaci\u00f3n con 28 sedes, una universidad y una obra social tienen sus comunicaciones centralizadas con gran dispobinibilidad y conocimiento para la gesti\u00f3n de sus afiliados. Vea el caso de \u00e9xito en <a href=\"http:\/\/eolos.la\/eolos\/clientes-casos_cc1\/\" target=\"_blank\" rel=\"noopener noreferrer\">este link<\/a><\/p>\n<p><strong>Transporte | Trenes Argentinos<br \/>\n<\/strong>La nueva infraestructura y el software de comunicaciones de la l\u00ednea del Tren Sarmiento conecta a \u00a0m\u00e1s de 1.000 personas para mejorar el servicio y la seguridad de los pasajeros.[\/vc_column_text][\/vc_column][\/vc_row][vc_row content_width=\u00bbgrid\u00bb css=\u00bb.vc_custom_1492633628361{padding-top: 20px !important;padding-bottom: 20px !important;}\u00bb][vc_column] <div class=\"mkd-carousel-holder clearfix mkd-carousel-three-rows\"><div class=\"mkd-carousel \" data-items=\"4\" data-navigation=\"no\"> <div class=\"mkd-carousel-item-outer-holder border\"><div class=\"mkd-carousel-item-holder\">\r\n\t\t\t\t\t\t\t<\/div> <\/div> <div class=\"mkd-carousel-item-outer-holder border\"><div class=\"mkd-carousel-item-holder\">\r\n\t\t\t\t\t\t\t<\/div> <\/div> <div class=\"mkd-carousel-item-outer-holder border\"><div class=\"mkd-carousel-item-holder\">\r\n\t\t\t\t\t\t\t<\/div> <\/div> <div class=\"mkd-carousel-item-outer-holder border\"><div class=\"mkd-carousel-item-holder\">\r\n\t\t\t\t\t\t\t<\/div> <\/div> <div class=\"mkd-carousel-item-outer-holder border\"><div class=\"mkd-carousel-item-holder\">\r\n\t\t\t\t\t\t\t<\/div> <\/div> <div class=\"mkd-carousel-item-outer-holder border\"><div class=\"mkd-carousel-item-holder\">\r\n\t\t\t\t\t\t\t<\/div> <\/div> <div class=\"mkd-carousel-item-outer-holder border\"><div class=\"mkd-carousel-item-holder\">\r\n\t\t\t\t\t\t\t<\/div> <\/div> <div class=\"mkd-carousel-item-outer-holder border\"><div class=\"mkd-carousel-item-holder\">\r\n\t\t\t\t\t\t\t<\/div> <\/div> <div class=\"mkd-carousel-item-outer-holder border\"><div class=\"mkd-carousel-item-holder\">\r\n\t\t\t\t\t\t\t<\/div> <\/div> <div class=\"mkd-carousel-item-outer-holder border\"><div class=\"mkd-carousel-item-holder\">\r\n\t\t\t\t\t\t\t<\/div> <\/div> <div class=\"mkd-carousel-item-outer-holder border\"><div class=\"mkd-carousel-item-holder\">\r\n\t\t\t\t\t\t\t<\/div> <\/div> <div class=\"mkd-carousel-item-outer-holder border\"><div class=\"mkd-carousel-item-holder\">\r\n\t\t\t\t\t\t\t<\/div> <\/div> <div class=\"mkd-carousel-item-outer-holder border\"><div class=\"mkd-carousel-item-holder\">\r\n\t\t\t\t\t\t\t<\/div> <\/div> <div class=\"mkd-carousel-item-outer-holder border\"><div class=\"mkd-carousel-item-holder\">\r\n\t\t\t\t\t\t\t<\/div> <\/div> <div class=\"mkd-carousel-item-outer-holder border\"><div class=\"mkd-carousel-item-holder\">\r\n\t\t\t\t\t\t\t<\/div> <\/div> <div class=\"mkd-carousel-item-outer-holder border\"><div class=\"mkd-carousel-item-holder\">\r\n\t\t\t\t\t\t\t<\/div> <\/div> <div class=\"mkd-carousel-item-outer-holder border\"><div class=\"mkd-carousel-item-holder\">\r\n\t\t\t\t\t\t\t<\/div> <\/div> <div class=\"mkd-carousel-item-outer-holder border\"><div class=\"mkd-carousel-item-holder\">\r\n\t\t\t\t\t\t\t<\/div> <\/div><\/div><\/div>[\/vc_column][\/vc_row]<\/p>\n","protected":false},"excerpt":{"rendered":"<p>[vc_row content_width=\u00bbgrid\u00bb css=\u00bb.vc_custom_1492727020342{padding-top: 80px !important;padding-bottom: 40px !important;}\u00bb][vc_column][vc_column_text el_class=\u00bbsoluciones_titulo\u00bb]Sector Privado[\/vc_column_text][\/vc_column][\/vc_row][vc_row content_width=\u00bbgrid\u00bb][vc_column][vc_column_text][\/vc_column_text][\/vc_column][\/vc_row][vc_row content_width=\u00bbgrid\u00bb css=\u00bb.vc_custom_1492736954221{padding-top: 40px !important;padding-bottom: 80px !important;}\u00bb][vc_column width=\u00bb1\/6&#8243;][\/vc_column][vc_column width=\u00bb4\/6&#8243;][vc_column_text el_class=\u00bbsoluciones_bajada\u00bb css=\u00bb.vc_custom_1493228848466{margin-bottom: 40px !important;padding-bottom: 20px !important;}\u00bb]Eolos extiende el concepto de integraci\u00f3n a la m\u00e1xima expresi\u00f3n. Los clientes interact\u00faan con las organizaciones por m\u00faltiples v\u00edas de contacto: Web,&#8230;<\/p>\n","protected":false},"author":3,"featured_media":0,"parent":0,"menu_order":0,"comment_status":"closed","ping_status":"closed","template":"template-eolos.php","meta":{"footnotes":""},"class_list":["post-5191","page","type-page","status-publish","hentry"],"_links":{"self":[{"href":"https:\/\/mediatix.com.ar\/eolos\/wp-json\/wp\/v2\/pages\/5191","targetHints":{"allow":["GET"]}}],"collection":[{"href":"https:\/\/mediatix.com.ar\/eolos\/wp-json\/wp\/v2\/pages"}],"about":[{"href":"https:\/\/mediatix.com.ar\/eolos\/wp-json\/wp\/v2\/types\/page"}],"author":[{"embeddable":true,"href":"https:\/\/mediatix.com.ar\/eolos\/wp-json\/wp\/v2\/users\/3"}],"replies":[{"embeddable":true,"href":"https:\/\/mediatix.com.ar\/eolos\/wp-json\/wp\/v2\/comments?post=5191"}],"version-history":[{"count":9,"href":"https:\/\/mediatix.com.ar\/eolos\/wp-json\/wp\/v2\/pages\/5191\/revisions"}],"predecessor-version":[{"id":5716,"href":"https:\/\/mediatix.com.ar\/eolos\/wp-json\/wp\/v2\/pages\/5191\/revisions\/5716"}],"wp:attachment":[{"href":"https:\/\/mediatix.com.ar\/eolos\/wp-json\/wp\/v2\/media?parent=5191"}],"curies":[{"name":"wp","href":"https:\/\/api.w.org\/{rel}","templated":true}]}}