{"id":5153,"date":"2017-04-20T21:54:51","date_gmt":"2017-04-20T21:54:51","guid":{"rendered":"http:\/\/mediatix.com.ar\/eolos\/?page_id=5153"},"modified":"2017-06-08T02:12:12","modified_gmt":"2017-06-08T02:12:12","slug":"soluciones-gobierno","status":"publish","type":"page","link":"https:\/\/mediatix.com.ar\/eolos\/soluciones-gobierno\/","title":{"rendered":"SOLUCIONES"},"content":{"rendered":"<p>[vc_row content_width=\u00bbgrid\u00bb css=\u00bb.vc_custom_1492730823592{padding-top: 80px !important;padding-bottom: 40px !important;}\u00bb][vc_column][vc_column_text el_class=\u00bbsoluciones_titulo\u00bb]Sector P\u00fablico[\/vc_column_text][\/vc_column][\/vc_row][vc_row content_width=\u00bbgrid\u00bb][vc_column][vc_column_text]<img loading=\"lazy\" decoding=\"async\" class=\"alignnone wp-image-5183 size-full\" src=\"https:\/\/mediatix.com.ar\/eolos\/wp-content\/uploads\/2017\/04\/e_gobierno_2.jpg\" alt=\"\" width=\"1600\" height=\"400\" srcset=\"https:\/\/mediatix.com.ar\/eolos\/wp-content\/uploads\/2017\/04\/e_gobierno_2.jpg 1600w, https:\/\/mediatix.com.ar\/eolos\/wp-content\/uploads\/2017\/04\/e_gobierno_2-300x75.jpg 300w, https:\/\/mediatix.com.ar\/eolos\/wp-content\/uploads\/2017\/04\/e_gobierno_2-768x192.jpg 768w, https:\/\/mediatix.com.ar\/eolos\/wp-content\/uploads\/2017\/04\/e_gobierno_2-1024x256.jpg 1024w\" sizes=\"auto, (max-width: 1600px) 100vw, 1600px\" \/>[\/vc_column_text][\/vc_column][\/vc_row][vc_row content_width=\u00bbgrid\u00bb css=\u00bb.vc_custom_1492731144126{padding-top: 40px !important;padding-bottom: 80px !important;}\u00bb][vc_column width=\u00bb1\/6&#8243;][\/vc_column][vc_column width=\u00bb4\/6&#8243;][vc_column_text el_class=\u00bbsoluciones_bajada\u00bb css=\u00bb.vc_custom_1496887928045{margin-bottom: 40px !important;padding-bottom: 20px !important;}\u00bb]Colaboramos con el sector p\u00fablico para transparentar su gesti\u00f3n con soluciones robustas y con los m\u00e1s altos est\u00e1ndares de seguridad en software de comunicaciones e infraestructura tecnol\u00f3gica. Tenemos la capacidad de adaptar nuestra tecnolog\u00eda a las diferentes dependencias y necesidades del sector p\u00fablico.[\/vc_column_text][vc_column_text]Entender las diferentes complejidades del sector p\u00fablico requiere de soluciones de infraestructura y de software de comunicaciones adaptables, seguras y escalables para las diferentes necesidades de los usuarios.<\/p>\n<p><span style=\"color: #00bc58;\">Control. Seguridad. Adaptabilidad.<\/span><\/p>\n<p>Las comunicaciones en el sector p\u00fablico requieren de una infraestructura de tecnolog\u00eda robusta, segura y que permita una alta disponibilidad. La tecnolog\u00eda de eolos, en base UNIX, permite administrar grandes vol\u00famenes de usuarios con una administraci\u00f3n simple.<\/p>\n<p>Otro de los puntos relevantes es la capacidad de adaptar las soluciones de comunicaciones a las diferentes dependencias del \u00e1rea p\u00fablica. Nuestro equipo de ingenier\u00eda lo ayudar\u00e1 a adaptar sus necesidades a nuestra plataforma de comunicaciones asegur\u00e1ndole el 100% del control.[\/vc_column_text][\/vc_column][vc_column width=\u00bb1\/6&#8243;][\/vc_column][\/vc_row][vc_row content_width=\u00bbgrid\u00bb css=\u00bb.vc_custom_1492731058949{margin-bottom: 80px !important;padding-top: 20px !important;padding-right: 20px !important;padding-bottom: 20px !important;padding-left: 20px !important;}\u00bb][vc_column][vc_column_text css=\u00bb.vc_custom_1496887868267{padding-top: 20px !important;padding-right: 20px !important;padding-bottom: 20px !important;padding-left: 20px !important;background-color: #f6f6f8 !important;}\u00bb]<strong><span style=\"color: #00bc58;\">Comunicaciones P\u00fablicas Seguras<\/span><\/strong><\/p>\n<p><strong>147 | Atenci\u00f3n Ciudadana.<br \/>\nGobierno de Ciudad de Buenos Aires. Argentina<br \/>\n<\/strong>El Gobierno de la Ciudad de Buenos Aires seleccion\u00f3 las soluciones de <strong>eolos<\/strong>\u00a0para el call center de atenci\u00f3n de la <strong>l\u00ednea 147<\/strong> d\u00f3nde se pueden hacer tr\u00e1mites como Renovaci\u00f3n de Licencia de Conducir y realizar solicitudes de veh\u00edculos abandonados en v\u00eda p\u00fablica, veredas rotas o luminarias apagadas. En el 147 reciben miles de llamados diarias. Conozca m\u00e1s del 147 en <a href=\"http:\/\/www.buenosaires.gob.ar\/demandaciudadana\/institucional-subsecretaria-demanda-ciudadana\" target=\"_blank\" rel=\"noopener noreferrer\">este link<\/a><\/p>\n<p><strong>107 | Sistema Integrado de Emergencias <\/strong><br \/>\n<strong>Rosario. Santa Fe, Argentina.<br \/>\n<\/strong>La ciudad de Rosario, en la Provincia de Santa Fe (Argentina), ha seleccionado el sistema de comunicaciones seguras de <strong>eolos<\/strong>. Este sistema p\u00fablico atiende emergencias y urgencias con potencial peligro de muerte. Las soluciones de eolos brindar seguridad de tramo a tramo de las comunicaciones con disponibilidad de misi\u00f3n cr\u00edtica. Conozca m\u00e1s del 107 en <a href=\"http:\/\/www.rosario.gov.ar\/web\/servicios\/salud\/emergencias\/cuando-llamar-al-107\" target=\"_blank\" rel=\"noopener noreferrer\">este link<\/a>[\/vc_column_text][\/vc_column][\/vc_row][vc_row content_width=\u00bbgrid\u00bb css=\u00bb.vc_custom_1492633628361{padding-top: 20px !important;padding-bottom: 20px !important;}\u00bb][vc_column] <div class=\"mkd-carousel-holder clearfix mkd-carousel-three-rows\"><div class=\"mkd-carousel \" data-items=\"4\" data-navigation=\"no\"> <div class=\"mkd-carousel-item-outer-holder border\"><div class=\"mkd-carousel-item-holder\">\r\n\t\t\t\t\t\t\t<\/div> <\/div> <div class=\"mkd-carousel-item-outer-holder border\"><div class=\"mkd-carousel-item-holder\">\r\n\t\t\t\t\t\t\t<\/div> <\/div> <div class=\"mkd-carousel-item-outer-holder border\"><div class=\"mkd-carousel-item-holder\">\r\n\t\t\t\t\t\t\t<\/div> <\/div> <div class=\"mkd-carousel-item-outer-holder border\"><div class=\"mkd-carousel-item-holder\">\r\n\t\t\t\t\t\t\t<\/div> <\/div> <div class=\"mkd-carousel-item-outer-holder border\"><div class=\"mkd-carousel-item-holder\">\r\n\t\t\t\t\t\t\t<\/div> <\/div> <div class=\"mkd-carousel-item-outer-holder border\"><div class=\"mkd-carousel-item-holder\">\r\n\t\t\t\t\t\t\t<\/div> <\/div> <div class=\"mkd-carousel-item-outer-holder border\"><div class=\"mkd-carousel-item-holder\">\r\n\t\t\t\t\t\t\t<\/div> <\/div> <div class=\"mkd-carousel-item-outer-holder border\"><div class=\"mkd-carousel-item-holder\">\r\n\t\t\t\t\t\t\t<\/div> <\/div> <div class=\"mkd-carousel-item-outer-holder border\"><div class=\"mkd-carousel-item-holder\">\r\n\t\t\t\t\t\t\t<\/div> <\/div> <div class=\"mkd-carousel-item-outer-holder border\"><div class=\"mkd-carousel-item-holder\">\r\n\t\t\t\t\t\t\t<\/div> <\/div> <div class=\"mkd-carousel-item-outer-holder border\"><div class=\"mkd-carousel-item-holder\">\r\n\t\t\t\t\t\t\t<\/div> <\/div> <div class=\"mkd-carousel-item-outer-holder border\"><div class=\"mkd-carousel-item-holder\">\r\n\t\t\t\t\t\t\t<\/div> <\/div> <div class=\"mkd-carousel-item-outer-holder border\"><div class=\"mkd-carousel-item-holder\">\r\n\t\t\t\t\t\t\t<\/div> <\/div> <div class=\"mkd-carousel-item-outer-holder border\"><div class=\"mkd-carousel-item-holder\">\r\n\t\t\t\t\t\t\t<\/div> <\/div> <div class=\"mkd-carousel-item-outer-holder border\"><div class=\"mkd-carousel-item-holder\">\r\n\t\t\t\t\t\t\t<\/div> <\/div> <div class=\"mkd-carousel-item-outer-holder border\"><div class=\"mkd-carousel-item-holder\">\r\n\t\t\t\t\t\t\t<\/div> <\/div> <div class=\"mkd-carousel-item-outer-holder border\"><div class=\"mkd-carousel-item-holder\">\r\n\t\t\t\t\t\t\t<\/div> <\/div> <div class=\"mkd-carousel-item-outer-holder border\"><div class=\"mkd-carousel-item-holder\">\r\n\t\t\t\t\t\t\t<\/div> <\/div><\/div><\/div>[\/vc_column][\/vc_row]<\/p>\n","protected":false},"excerpt":{"rendered":"<p>[vc_row content_width=\u00bbgrid\u00bb css=\u00bb.vc_custom_1492730823592{padding-top: 80px !important;padding-bottom: 40px !important;}\u00bb][vc_column][vc_column_text el_class=\u00bbsoluciones_titulo\u00bb]Sector P\u00fablico[\/vc_column_text][\/vc_column][\/vc_row][vc_row content_width=\u00bbgrid\u00bb][vc_column][vc_column_text][\/vc_column_text][\/vc_column][\/vc_row][vc_row content_width=\u00bbgrid\u00bb css=\u00bb.vc_custom_1492731144126{padding-top: 40px !important;padding-bottom: 80px !important;}\u00bb][vc_column width=\u00bb1\/6&#8243;][\/vc_column][vc_column width=\u00bb4\/6&#8243;][vc_column_text el_class=\u00bbsoluciones_bajada\u00bb css=\u00bb.vc_custom_1496887928045{margin-bottom: 40px !important;padding-bottom: 20px !important;}\u00bb]Colaboramos con el sector p\u00fablico para transparentar su gesti\u00f3n con soluciones robustas y con los m\u00e1s altos est\u00e1ndares de seguridad en software&#8230;<\/p>\n","protected":false},"author":3,"featured_media":0,"parent":0,"menu_order":0,"comment_status":"closed","ping_status":"closed","template":"template-eolos.php","meta":{"footnotes":""},"class_list":["post-5153","page","type-page","status-publish","hentry"],"_links":{"self":[{"href":"https:\/\/mediatix.com.ar\/eolos\/wp-json\/wp\/v2\/pages\/5153","targetHints":{"allow":["GET"]}}],"collection":[{"href":"https:\/\/mediatix.com.ar\/eolos\/wp-json\/wp\/v2\/pages"}],"about":[{"href":"https:\/\/mediatix.com.ar\/eolos\/wp-json\/wp\/v2\/types\/page"}],"author":[{"embeddable":true,"href":"https:\/\/mediatix.com.ar\/eolos\/wp-json\/wp\/v2\/users\/3"}],"replies":[{"embeddable":true,"href":"https:\/\/mediatix.com.ar\/eolos\/wp-json\/wp\/v2\/comments?post=5153"}],"version-history":[{"count":16,"href":"https:\/\/mediatix.com.ar\/eolos\/wp-json\/wp\/v2\/pages\/5153\/revisions"}],"predecessor-version":[{"id":5713,"href":"https:\/\/mediatix.com.ar\/eolos\/wp-json\/wp\/v2\/pages\/5153\/revisions\/5713"}],"wp:attachment":[{"href":"https:\/\/mediatix.com.ar\/eolos\/wp-json\/wp\/v2\/media?parent=5153"}],"curies":[{"name":"wp","href":"https:\/\/api.w.org\/{rel}","templated":true}]}}