{"id":5091,"date":"2017-04-20T14:00:06","date_gmt":"2017-04-20T14:00:06","guid":{"rendered":"http:\/\/mediatix.com.ar\/eolos\/?page_id=5091"},"modified":"2017-06-23T17:43:36","modified_gmt":"2017-06-23T17:43:36","slug":"soluciones-cooperativas","status":"publish","type":"page","link":"https:\/\/mediatix.com.ar\/eolos\/soluciones-cooperativas\/","title":{"rendered":"SOLUCIONES"},"content":{"rendered":"<p>[vc_row content_width=\u00bbgrid\u00bb css=\u00bb.vc_custom_1492729988345{padding-top: 80px !important;padding-bottom: 40px !important;}\u00bb][vc_column][vc_column_text el_class=\u00bbsoluciones_titulo\u00bb]Cooperativas[\/vc_column_text][\/vc_column][\/vc_row][vc_row content_width=\u00bbgrid\u00bb css=\u00bb.vc_custom_1492730256673{padding-bottom: 40px !important;}\u00bb][vc_column][vc_column_text]<img loading=\"lazy\" decoding=\"async\" class=\"alignnone wp-image-5181 size-full\" src=\"https:\/\/mediatix.com.ar\/eolos\/wp-content\/uploads\/2017\/04\/e_cooperativa_2-1.jpg\" alt=\"\" width=\"1600\" height=\"400\" srcset=\"https:\/\/mediatix.com.ar\/eolos\/wp-content\/uploads\/2017\/04\/e_cooperativa_2-1.jpg 1600w, https:\/\/mediatix.com.ar\/eolos\/wp-content\/uploads\/2017\/04\/e_cooperativa_2-1-300x75.jpg 300w, https:\/\/mediatix.com.ar\/eolos\/wp-content\/uploads\/2017\/04\/e_cooperativa_2-1-768x192.jpg 768w, https:\/\/mediatix.com.ar\/eolos\/wp-content\/uploads\/2017\/04\/e_cooperativa_2-1-1024x256.jpg 1024w\" sizes=\"auto, (max-width: 1600px) 100vw, 1600px\" \/>[\/vc_column_text][\/vc_column][\/vc_row][vc_row content_width=\u00bbgrid\u00bb css=\u00bb.vc_custom_1492730202149{padding-bottom: 80px !important;}\u00bb][vc_column width=\u00bb1\/6&#8243;][\/vc_column][vc_column width=\u00bb4\/6&#8243;][vc_column_text el_class=\u00bbsoluciones_bajada\u00bb css=\u00bb.vc_custom_1498239486424{margin-bottom: 40px !important;padding-bottom: 20px !important;}\u00bb]Las cooperativas son un actor muy importante para llevar comunicaciones de voz y datos a los lugares m\u00e1s remotos. Por eso deben contar con una infraestructura y software aptos y soluciones customizadas y control total de la soluci\u00f3n.[\/vc_column_text][vc_column_text]Las cooperativas eligen las soluciones de\u00a0<strong>EOLOS\u00a0<\/strong>por su amplia disponibilidad de servicio, seguridad, soporte y acompa\u00f1amiento en todo el complejo proceso de que las comunicaciones no fallen a sus abonados.<\/p>\n<h4><span style=\"color: #00bc58;\">No importa el tama\u00f1o ni el lugar, importa la gente.<\/span><\/h4>\n<p>Nos apasiona la comunicaci\u00f3n que tiene impacto. Por eso nos gusta trabajar en conjunto con las Cooperativas por su gran impacto social en sus comunidades. \u00a0En <b>EOLOS\u00a0<\/b>tenemos la experiencia de campo para acompa\u00f1arlo en brindar un servicio de excelencia a sus abonados brind\u00e1ndole todo el control \u00a0y la posibilidad de acompa\u00f1arlo en su crecimiento.[\/vc_column_text][\/vc_column][vc_column width=\u00bb1\/6&#8243;][\/vc_column][\/vc_row][vc_row content_width=\u00bbgrid\u00bb css=\u00bb.vc_custom_1492730209688{padding-top: 20px !important;padding-right: 20px !important;padding-bottom: 80px !important;padding-left: 20px !important;}\u00bb][vc_column][vc_column_text css=\u00bb.vc_custom_1498239781942{padding-top: 20px !important;padding-right: 20px !important;padding-bottom: 20px !important;padding-left: 20px !important;background-color: #f6f6f8 !important;}\u00bb]<span style=\"color: #808080;\"><strong>Comunicaciones Cooperativas.<\/strong><\/span><\/p>\n<p><span style=\"color: #808080;\"><em>Desde la Cooperativa de Luj\u00e1n, hasta la Cooperativa de Rojas (Prov. de Buenos Aires) tenemos gran experiencia en acompa\u00f1ar a nuestros clientes en su crecimiento y necesidades. Contact\u00e9se con nosotros para que le mostremos c\u00f3mo es posible brindar un servicio de calidad a sus abonados. Cont\u00e1ctese en <a href=\"https:\/\/mediatix.com.ar\/eolos\/eolos_contact_form\/\" target=\"blank\">este link<\/a>.<\/em><\/span>[\/vc_column_text][\/vc_column][\/vc_row][vc_row content_width=\u00bbgrid\u00bb css=\u00bb.vc_custom_1492633628361{padding-top: 20px !important;padding-bottom: 20px !important;}\u00bb][vc_column] <div class=\"mkd-carousel-holder clearfix mkd-carousel-three-rows\"><div class=\"mkd-carousel \" data-items=\"4\" data-navigation=\"no\"> <div class=\"mkd-carousel-item-outer-holder border\"><div class=\"mkd-carousel-item-holder\">\r\n\t\t\t\t\t\t\t<\/div> <\/div> <div class=\"mkd-carousel-item-outer-holder border\"><div class=\"mkd-carousel-item-holder\">\r\n\t\t\t\t\t\t\t<\/div> <\/div> <div class=\"mkd-carousel-item-outer-holder border\"><div class=\"mkd-carousel-item-holder\">\r\n\t\t\t\t\t\t\t<\/div> <\/div> <div class=\"mkd-carousel-item-outer-holder border\"><div class=\"mkd-carousel-item-holder\">\r\n\t\t\t\t\t\t\t<\/div> <\/div> <div class=\"mkd-carousel-item-outer-holder border\"><div class=\"mkd-carousel-item-holder\">\r\n\t\t\t\t\t\t\t<\/div> <\/div> <div class=\"mkd-carousel-item-outer-holder border\"><div class=\"mkd-carousel-item-holder\">\r\n\t\t\t\t\t\t\t<\/div> <\/div> <div class=\"mkd-carousel-item-outer-holder border\"><div class=\"mkd-carousel-item-holder\">\r\n\t\t\t\t\t\t\t<\/div> <\/div> <div class=\"mkd-carousel-item-outer-holder border\"><div class=\"mkd-carousel-item-holder\">\r\n\t\t\t\t\t\t\t<\/div> <\/div> <div class=\"mkd-carousel-item-outer-holder border\"><div class=\"mkd-carousel-item-holder\">\r\n\t\t\t\t\t\t\t<\/div> <\/div> <div class=\"mkd-carousel-item-outer-holder border\"><div class=\"mkd-carousel-item-holder\">\r\n\t\t\t\t\t\t\t<\/div> <\/div> <div class=\"mkd-carousel-item-outer-holder border\"><div class=\"mkd-carousel-item-holder\">\r\n\t\t\t\t\t\t\t<\/div> <\/div> <div class=\"mkd-carousel-item-outer-holder border\"><div class=\"mkd-carousel-item-holder\">\r\n\t\t\t\t\t\t\t<\/div> <\/div> <div class=\"mkd-carousel-item-outer-holder border\"><div class=\"mkd-carousel-item-holder\">\r\n\t\t\t\t\t\t\t<\/div> <\/div> <div class=\"mkd-carousel-item-outer-holder border\"><div class=\"mkd-carousel-item-holder\">\r\n\t\t\t\t\t\t\t<\/div> <\/div> <div class=\"mkd-carousel-item-outer-holder border\"><div class=\"mkd-carousel-item-holder\">\r\n\t\t\t\t\t\t\t<\/div> <\/div> <div class=\"mkd-carousel-item-outer-holder border\"><div class=\"mkd-carousel-item-holder\">\r\n\t\t\t\t\t\t\t<\/div> <\/div> <div class=\"mkd-carousel-item-outer-holder border\"><div class=\"mkd-carousel-item-holder\">\r\n\t\t\t\t\t\t\t<\/div> <\/div> <div class=\"mkd-carousel-item-outer-holder border\"><div class=\"mkd-carousel-item-holder\">\r\n\t\t\t\t\t\t\t<\/div> <\/div><\/div><\/div>[\/vc_column][\/vc_row]<\/p>\n","protected":false},"excerpt":{"rendered":"<p>[vc_row content_width=\u00bbgrid\u00bb css=\u00bb.vc_custom_1492729988345{padding-top: 80px !important;padding-bottom: 40px !important;}\u00bb][vc_column][vc_column_text el_class=\u00bbsoluciones_titulo\u00bb]Cooperativas[\/vc_column_text][\/vc_column][\/vc_row][vc_row content_width=\u00bbgrid\u00bb css=\u00bb.vc_custom_1492730256673{padding-bottom: 40px !important;}\u00bb][vc_column][vc_column_text][\/vc_column_text][\/vc_column][\/vc_row][vc_row content_width=\u00bbgrid\u00bb css=\u00bb.vc_custom_1492730202149{padding-bottom: 80px !important;}\u00bb][vc_column width=\u00bb1\/6&#8243;][\/vc_column][vc_column width=\u00bb4\/6&#8243;][vc_column_text el_class=\u00bbsoluciones_bajada\u00bb css=\u00bb.vc_custom_1498239486424{margin-bottom: 40px !important;padding-bottom: 20px !important;}\u00bb]Las cooperativas son un actor muy importante para llevar comunicaciones de voz y datos a los lugares m\u00e1s remotos. Por eso deben&#8230;<\/p>\n","protected":false},"author":3,"featured_media":0,"parent":0,"menu_order":0,"comment_status":"closed","ping_status":"closed","template":"template-eolos.php","meta":{"footnotes":""},"class_list":["post-5091","page","type-page","status-publish","hentry"],"_links":{"self":[{"href":"https:\/\/mediatix.com.ar\/eolos\/wp-json\/wp\/v2\/pages\/5091","targetHints":{"allow":["GET"]}}],"collection":[{"href":"https:\/\/mediatix.com.ar\/eolos\/wp-json\/wp\/v2\/pages"}],"about":[{"href":"https:\/\/mediatix.com.ar\/eolos\/wp-json\/wp\/v2\/types\/page"}],"author":[{"embeddable":true,"href":"https:\/\/mediatix.com.ar\/eolos\/wp-json\/wp\/v2\/users\/3"}],"replies":[{"embeddable":true,"href":"https:\/\/mediatix.com.ar\/eolos\/wp-json\/wp\/v2\/comments?post=5091"}],"version-history":[{"count":46,"href":"https:\/\/mediatix.com.ar\/eolos\/wp-json\/wp\/v2\/pages\/5091\/revisions"}],"predecessor-version":[{"id":5813,"href":"https:\/\/mediatix.com.ar\/eolos\/wp-json\/wp\/v2\/pages\/5091\/revisions\/5813"}],"wp:attachment":[{"href":"https:\/\/mediatix.com.ar\/eolos\/wp-json\/wp\/v2\/media?parent=5091"}],"curies":[{"name":"wp","href":"https:\/\/api.w.org\/{rel}","templated":true}]}}