{"id":5062,"date":"2017-04-20T12:26:37","date_gmt":"2017-04-20T12:26:37","guid":{"rendered":"http:\/\/mediatix.com.ar\/eolos\/?page_id=5062"},"modified":"2017-06-14T20:10:35","modified_gmt":"2017-06-14T20:10:35","slug":"sobre-eolos","status":"publish","type":"page","link":"https:\/\/mediatix.com.ar\/eolos\/sobre-eolos\/","title":{"rendered":"SOBRE EOLOS"},"content":{"rendered":"<p>[vc_row row_type=\u00bbparallax\u00bb content_width=\u00bbgrid\u00bb full_screen_section_height=\u00bbno\u00bb css=\u00bb.vc_custom_1492738588879{padding-top: 80px !important;padding-bottom: 80px !important;}\u00bb][vc_column width=\u00bb1\/6&#8243;][\/vc_column][vc_column width=\u00bb4\/6&#8243;][vc_column_text]<\/p>\n<h3>Fundada en 2005, Eolix Technologies SRL establece la fabricacion de productos bajo su marca \u00abEolos\u00bb, Comercializada desde entonces en todo latinoamerica.<\/h3>\n<p>&nbsp;<\/p>\n<p>En <strong>Eolos<\/strong> consideramos a la tecnolog\u00eda como el veh\u00edculo conducente a la creaci\u00f3n de valor. A trav\u00e9s de la creaci\u00f3n de productos o servicios, con la filosof\u00eda y el firme convencimiento en el potencial de las actividades cooperativas de acci\u00f3n productiva, avizorando una sociedad mas justa y equitativa, basados en la explotaci\u00f3n racional de los recursos a nuestro alcance, con el fin \u00faltimo y principal de generar plataformas de comunicaci\u00f3n global. En <strong>Eolos<\/strong> nos basamos en Nuestra premisa: La tecnolog\u00eda no es secreta, el valor radica en el arte de su utilizaci\u00f3n. Con este fin, realizamos actividades conducentes a lograr la sinergia de nuestra comunidad de acci\u00f3n, en d\u00f3nde tanto los socios estrat\u00e9gicos, proveedores y clientes, compartan un espacio de potenciamiento mutuo conjuntamente con nuestro grupo de trabajo. Elaboramos el concepto de comunicaci\u00f3n total, como filosof\u00eda de desarrollo, logrando la disponibilidad de recursos tecnol\u00f3gicos de excelencia con foco, tanto en las organizaciones de negocios como en las necesidades de los individuos\u201d.<\/p>\n<p>&nbsp;<\/p>\n<hr style=\"background-color: #fff; border-top: 1px dashed #eeeeee;\" \/>\n<h4><span style=\"color: #00bc58;\">Misi\u00f3n.<\/span><\/h4>\n<p><strong>Eolix Technologies<\/strong> se focaliza en la construcci\u00f3n de soluciones de gesti\u00f3n multimedial, videotelefon\u00eda y comunicaciones totales en ambientes ubicuos e Internet.<\/p>\n<p>&nbsp;<\/p>\n<hr style=\"background-color: #fff; border-top: 1px dashed #eeeeee;\" \/>\n<h4><span style=\"color: #00bc58;\"><br \/>\nVisi\u00f3n.<\/span><\/h4>\n<p><strong>Eolos<\/strong> es una tecnolog\u00eda desarrollada por Eolix Technologies sustentada en 2 premisas: \u00abGreenIT\u00bb e integraci\u00f3n global. Dise\u00f1ada a los efectos de brindar los servicios de las centrales telef\u00f3nicas convencionales y a su vez las facilidades de integraci\u00f3n a su red de datos. Posibilitando los consecuentes beneficios derivados de permitir la convergencia de telefon\u00eda y sistemas inform\u00e1ticos en un solo escenario.[\/vc_column_text][\/vc_column][vc_column width=\u00bb1\/6&#8243;][\/vc_column][\/vc_row]<\/p>\n","protected":false},"excerpt":{"rendered":"<p>[vc_row row_type=\u00bbparallax\u00bb content_width=\u00bbgrid\u00bb full_screen_section_height=\u00bbno\u00bb css=\u00bb.vc_custom_1492738588879{padding-top: 80px !important;padding-bottom: 80px !important;}\u00bb][vc_column width=\u00bb1\/6&#8243;][\/vc_column][vc_column width=\u00bb4\/6&#8243;][vc_column_text] Fundada en 2005, Eolix Technologies SRL establece la fabricacion de productos bajo su marca \u00abEolos\u00bb, Comercializada desde entonces en todo latinoamerica. &nbsp; En Eolos consideramos a la tecnolog\u00eda como el veh\u00edculo conducente a la&#8230;<\/p>\n","protected":false},"author":3,"featured_media":0,"parent":0,"menu_order":0,"comment_status":"closed","ping_status":"closed","template":"template-eolos.php","meta":{"footnotes":""},"class_list":["post-5062","page","type-page","status-publish","hentry"],"_links":{"self":[{"href":"https:\/\/mediatix.com.ar\/eolos\/wp-json\/wp\/v2\/pages\/5062","targetHints":{"allow":["GET"]}}],"collection":[{"href":"https:\/\/mediatix.com.ar\/eolos\/wp-json\/wp\/v2\/pages"}],"about":[{"href":"https:\/\/mediatix.com.ar\/eolos\/wp-json\/wp\/v2\/types\/page"}],"author":[{"embeddable":true,"href":"https:\/\/mediatix.com.ar\/eolos\/wp-json\/wp\/v2\/users\/3"}],"replies":[{"embeddable":true,"href":"https:\/\/mediatix.com.ar\/eolos\/wp-json\/wp\/v2\/comments?post=5062"}],"version-history":[{"count":16,"href":"https:\/\/mediatix.com.ar\/eolos\/wp-json\/wp\/v2\/pages\/5062\/revisions"}],"predecessor-version":[{"id":5211,"href":"https:\/\/mediatix.com.ar\/eolos\/wp-json\/wp\/v2\/pages\/5062\/revisions\/5211"}],"wp:attachment":[{"href":"https:\/\/mediatix.com.ar\/eolos\/wp-json\/wp\/v2\/media?parent=5062"}],"curies":[{"name":"wp","href":"https:\/\/api.w.org\/{rel}","templated":true}]}}