{"id":4807,"date":"2017-04-10T21:12:22","date_gmt":"2017-04-10T21:12:22","guid":{"rendered":"http:\/\/mediatix.com.ar\/eolos\/?page_id=4807"},"modified":"2017-06-14T12:31:20","modified_gmt":"2017-06-14T12:31:20","slug":"eolos_home","status":"publish","type":"page","link":"https:\/\/mediatix.com.ar\/eolos\/","title":{"rendered":"Eolos_Home"},"content":{"rendered":"<p>[vc_row][vc_column][rev_slider_vc alias=\u00bbhome-2&#8243;][\/vc_column][\/vc_row][vc_row content_width=\u00bbgrid\u00bb][vc_column css=\u00bb.vc_custom_1492633551351{padding-top: 20px !important;padding-bottom: 20px !important;}\u00bb] <div class=\"mkd-carousel-holder clearfix mkd-carousel-three-rows\"><div class=\"mkd-carousel \" data-items=\"4\" data-navigation=\"no\"> <div class=\"mkd-carousel-item-outer-holder border\"><div class=\"mkd-carousel-item-holder\">\r\n\t\t\t\t\t\t\t<\/div> <\/div> <div class=\"mkd-carousel-item-outer-holder border\"><div class=\"mkd-carousel-item-holder\">\r\n\t\t\t\t\t\t\t<\/div> <\/div> <div class=\"mkd-carousel-item-outer-holder border\"><div class=\"mkd-carousel-item-holder\">\r\n\t\t\t\t\t\t\t<\/div> <\/div> <div class=\"mkd-carousel-item-outer-holder border\"><div class=\"mkd-carousel-item-holder\">\r\n\t\t\t\t\t\t\t<\/div> <\/div> <div class=\"mkd-carousel-item-outer-holder border\"><div class=\"mkd-carousel-item-holder\">\r\n\t\t\t\t\t\t\t<\/div> <\/div> <div class=\"mkd-carousel-item-outer-holder border\"><div class=\"mkd-carousel-item-holder\">\r\n\t\t\t\t\t\t\t<\/div> <\/div> <div class=\"mkd-carousel-item-outer-holder border\"><div class=\"mkd-carousel-item-holder\">\r\n\t\t\t\t\t\t\t<\/div> <\/div> <div class=\"mkd-carousel-item-outer-holder border\"><div class=\"mkd-carousel-item-holder\">\r\n\t\t\t\t\t\t\t<\/div> <\/div> <div class=\"mkd-carousel-item-outer-holder border\"><div class=\"mkd-carousel-item-holder\">\r\n\t\t\t\t\t\t\t<\/div> <\/div> <div class=\"mkd-carousel-item-outer-holder border\"><div class=\"mkd-carousel-item-holder\">\r\n\t\t\t\t\t\t\t<\/div> <\/div> <div class=\"mkd-carousel-item-outer-holder border\"><div class=\"mkd-carousel-item-holder\">\r\n\t\t\t\t\t\t\t<\/div> <\/div> <div class=\"mkd-carousel-item-outer-holder border\"><div class=\"mkd-carousel-item-holder\">\r\n\t\t\t\t\t\t\t<\/div> <\/div> <div class=\"mkd-carousel-item-outer-holder border\"><div class=\"mkd-carousel-item-holder\">\r\n\t\t\t\t\t\t\t<\/div> <\/div> <div class=\"mkd-carousel-item-outer-holder border\"><div class=\"mkd-carousel-item-holder\">\r\n\t\t\t\t\t\t\t<\/div> <\/div> <div class=\"mkd-carousel-item-outer-holder border\"><div class=\"mkd-carousel-item-holder\">\r\n\t\t\t\t\t\t\t<\/div> <\/div> <div class=\"mkd-carousel-item-outer-holder border\"><div class=\"mkd-carousel-item-holder\">\r\n\t\t\t\t\t\t\t<\/div> <\/div> <div class=\"mkd-carousel-item-outer-holder border\"><div class=\"mkd-carousel-item-holder\">\r\n\t\t\t\t\t\t\t<\/div> <\/div> <div class=\"mkd-carousel-item-outer-holder border\"><div class=\"mkd-carousel-item-holder\">\r\n\t\t\t\t\t\t\t<\/div> <\/div><\/div><\/div>[\/vc_column][\/vc_row][vc_row row_type=\u00bbparallax\u00bb content_width=\u00bbgrid\u00bb full_screen_section_height=\u00bbno\u00bb css=\u00bb.vc_custom_1492528968099{padding-top: 80px !important;padding-bottom: 80px !important;background-color: #23323f !important;}\u00bb][vc_column]<div class=\"mkd-section-title-holder\">\n\t<h1 class=\"mkd-section-title mkd-section-title-large mkd-section-title-center\" style=\"color: #5af166;text-align: center\">\n\t<span>\n\t\tSOLUCIONES\t<\/span>\n<\/h1>\n<\/div><div class=\"mkd-section-subtitle-holder mkd-section-subtitle-center\" style=\"width: 70%\">\n\t<p style=\"color: #b9b9c8;text-align: center\" class=\"mkd-section-subtitle\">Hacemos m\u00e1s productivas a las empresas integrando sus aplicaciones de negocios a la infraestructura de comunicaciones de voz, video y datos. Brindando acceso a la nube con servicios Cloud utilizables sin necesidad de adquirir equipamiento. Servicio de Call y Contact Center, soluciones de core y administraci\u00f3n p\u00fablica.<\/p>\n<\/div>[vc_empty_space height=\u00bb60px\u00bb]<div class=\"mkd-portfolio-list-holder mkd-pl-masonry mkd-pl-tiny-space mkd-pl-three-columns mkd-pl-gallery-overlay mkd-pl-pag-no-pagination mkd-pag-on-slider mkd-pl-disable-border-around-content mkd-pl-text-left\"  data-type=\"masonry\" data-space-between-items=\"tiny\" data-image-proportions=\"full\" data-enable-fixed-proportions=\"no\" data-category=\"soluciones\" data-order-by=\"date\" data-order=\"ASC\" data-item-style=\"gallery-overlay\" data-overlay-color=\"rgba(90,241,102,0.9)\" data-border-around-content=\"no\" data-shadow-around-item=\"no\" data-enable-title=\"yes\" data-title-tag=\"h3\" data-enable-category=\"no\" data-enable-excerpt=\"no\" data-excerpt-length=\"20\" data-text-align=\"left\" data-pagination-type=\"no-pagination\" data-filter=\"no\" data-filter-order-by=\"name\" data-filter-position=\"top\" data-display-show-all-item=\"yes\" data-enable-article-animation=\"no\" data-slider-speed=\"5000\" data-enable-loop=\"yes\" data-enable-variable-width=\"no\" data-enable-padding=\"no\" data-enable-navigation=\"yes\" data-enable-pagination=\"yes\" data-pagination-position=\"on-slider\" data-max-num-pages=\"1\" data-next-page=\"2\">\n\t\t\n\t<div class=\"mkd-pl-inner clearfix\">\n\t\t<div class=\"mkd-pl-grid-sizer\"><\/div>\n\t\t<div class=\"mkd-pl-grid-gutter\"><\/div>\n\t\t<article class=\"mkd-pl-item  post-4015 portfolio-item type-portfolio-item status-publish has-post-thumbnail hentry portfolio-category-soluciones\">\n\t<div class=\"mkd-pl-item-inner\">\n\t\t<div class=\"mkd-pli-image\">\n\t\t\t<img loading=\"lazy\" decoding=\"async\" width=\"800\" height=\"600\" src=\"https:\/\/mediatix.com.ar\/eolos\/wp-content\/uploads\/2016\/12\/e_gobierno.jpg\" class=\"attachment-full size-full wp-post-image\" alt=\"\" srcset=\"https:\/\/mediatix.com.ar\/eolos\/wp-content\/uploads\/2016\/12\/e_gobierno.jpg 800w, https:\/\/mediatix.com.ar\/eolos\/wp-content\/uploads\/2016\/12\/e_gobierno-300x225.jpg 300w, https:\/\/mediatix.com.ar\/eolos\/wp-content\/uploads\/2016\/12\/e_gobierno-768x576.jpg 768w\" sizes=\"auto, (max-width: 800px) 100vw, 800px\" \/>\t<\/div>\n\n\t<div class=\"mkd-pli-text-holder\" style=\"background-color: rgba(90,241,102,0.9)\">\n\t\t<div class=\"mkd-pli-text-wrapper\">\n\t\t\t<div class=\"mkd-pli-text\">\n\t\t\t\t\t<h3 itemprop=\"name\" class=\"mkd-pli-title entry-title\" >\n\t\tSector P\u00fablico\t<\/h3>\n\n\t\t\t\t\n\t\t\t\t\t\t\t<\/div>\n\t\t<\/div>\n\t<\/div>\n\n\t\t\n\t\t<a itemprop=\"url\" class=\"mkd-pli-link\" href=\"\/eolos\/soluciones-gobierno\" target=\"_self\"><\/a>\n\t<\/div>\n<\/article><article class=\"mkd-pl-item  post-4029 portfolio-item type-portfolio-item status-publish has-post-thumbnail hentry portfolio-category-soluciones\">\n\t<div class=\"mkd-pl-item-inner\">\n\t\t<div class=\"mkd-pli-image\">\n\t\t\t<img loading=\"lazy\" decoding=\"async\" width=\"800\" height=\"600\" src=\"https:\/\/mediatix.com.ar\/eolos\/wp-content\/uploads\/2016\/12\/e_empresa.jpg\" class=\"attachment-full size-full wp-post-image\" alt=\"\" srcset=\"https:\/\/mediatix.com.ar\/eolos\/wp-content\/uploads\/2016\/12\/e_empresa.jpg 800w, https:\/\/mediatix.com.ar\/eolos\/wp-content\/uploads\/2016\/12\/e_empresa-300x225.jpg 300w, https:\/\/mediatix.com.ar\/eolos\/wp-content\/uploads\/2016\/12\/e_empresa-768x576.jpg 768w\" sizes=\"auto, (max-width: 800px) 100vw, 800px\" \/>\t<\/div>\n\n\t<div class=\"mkd-pli-text-holder\" style=\"background-color: rgba(90,241,102,0.9)\">\n\t\t<div class=\"mkd-pli-text-wrapper\">\n\t\t\t<div class=\"mkd-pli-text\">\n\t\t\t\t\t<h3 itemprop=\"name\" class=\"mkd-pli-title entry-title\" >\n\t\tSector Privado\t<\/h3>\n\n\t\t\t\t\n\t\t\t\t\t\t\t<\/div>\n\t\t<\/div>\n\t<\/div>\n\n\t\t\n\t\t<a itemprop=\"url\" class=\"mkd-pli-link\" href=\"\/eolos\/soluciones-sector-privado\" target=\"_self\"><\/a>\n\t<\/div>\n<\/article><article class=\"mkd-pl-item  post-5600 portfolio-item type-portfolio-item status-publish has-post-thumbnail hentry portfolio-category-soluciones\">\n\t<div class=\"mkd-pl-item-inner\">\n\t\t<div class=\"mkd-pli-image\">\n\t\t\t<img loading=\"lazy\" decoding=\"async\" width=\"800\" height=\"600\" src=\"https:\/\/mediatix.com.ar\/eolos\/wp-content\/uploads\/2017\/04\/e_educacion.jpg\" class=\"attachment-full size-full wp-post-image\" alt=\"\" srcset=\"https:\/\/mediatix.com.ar\/eolos\/wp-content\/uploads\/2017\/04\/e_educacion.jpg 800w, https:\/\/mediatix.com.ar\/eolos\/wp-content\/uploads\/2017\/04\/e_educacion-300x225.jpg 300w, https:\/\/mediatix.com.ar\/eolos\/wp-content\/uploads\/2017\/04\/e_educacion-768x576.jpg 768w\" sizes=\"auto, (max-width: 800px) 100vw, 800px\" \/>\t<\/div>\n\n\t<div class=\"mkd-pli-text-holder\" style=\"background-color: rgba(90,241,102,0.9)\">\n\t\t<div class=\"mkd-pli-text-wrapper\">\n\t\t\t<div class=\"mkd-pli-text\">\n\t\t\t\t\t<h3 itemprop=\"name\" class=\"mkd-pli-title entry-title\" >\n\t\tSector Educativo\t<\/h3>\n\n\t\t\t\t\n\t\t\t\t\t\t\t<\/div>\n\t\t<\/div>\n\t<\/div>\n\n\t\t\n\t\t<a itemprop=\"url\" class=\"mkd-pli-link\" href=\"\/eolos\/soluciones-sector-educativo\" target=\"_self\"><\/a>\n\t<\/div>\n<\/article><article class=\"mkd-pl-item  post-4045 portfolio-item type-portfolio-item status-publish has-post-thumbnail hentry portfolio-category-soluciones\">\n\t<div class=\"mkd-pl-item-inner\">\n\t\t<div class=\"mkd-pli-image\">\n\t\t\t<img loading=\"lazy\" decoding=\"async\" width=\"800\" height=\"600\" src=\"https:\/\/mediatix.com.ar\/eolos\/wp-content\/uploads\/2016\/12\/e_cloud.jpg\" class=\"attachment-full size-full wp-post-image\" alt=\"\" srcset=\"https:\/\/mediatix.com.ar\/eolos\/wp-content\/uploads\/2016\/12\/e_cloud.jpg 800w, https:\/\/mediatix.com.ar\/eolos\/wp-content\/uploads\/2016\/12\/e_cloud-300x225.jpg 300w, https:\/\/mediatix.com.ar\/eolos\/wp-content\/uploads\/2016\/12\/e_cloud-768x576.jpg 768w\" sizes=\"auto, (max-width: 800px) 100vw, 800px\" \/>\t<\/div>\n\n\t<div class=\"mkd-pli-text-holder\" style=\"background-color: rgba(90,241,102,0.9)\">\n\t\t<div class=\"mkd-pli-text-wrapper\">\n\t\t\t<div class=\"mkd-pli-text\">\n\t\t\t\t\t<h3 itemprop=\"name\" class=\"mkd-pli-title entry-title\" >\n\t\tCloud\t<\/h3>\n\n\t\t\t\t\n\t\t\t\t\t\t\t<\/div>\n\t\t<\/div>\n\t<\/div>\n\n\t\t\n\t\t<a itemprop=\"url\" class=\"mkd-pli-link\" href=\"\/eolos\/soluciones-cloud\" target=\"_self\"><\/a>\n\t<\/div>\n<\/article><article class=\"mkd-pl-item  post-4028 portfolio-item type-portfolio-item status-publish has-post-thumbnail hentry portfolio-category-soluciones\">\n\t<div class=\"mkd-pl-item-inner\">\n\t\t<div class=\"mkd-pli-image\">\n\t\t\t<img loading=\"lazy\" decoding=\"async\" width=\"800\" height=\"600\" src=\"https:\/\/mediatix.com.ar\/eolos\/wp-content\/uploads\/2016\/12\/e_contact.jpg\" class=\"attachment-full size-full wp-post-image\" alt=\"\" srcset=\"https:\/\/mediatix.com.ar\/eolos\/wp-content\/uploads\/2016\/12\/e_contact.jpg 800w, https:\/\/mediatix.com.ar\/eolos\/wp-content\/uploads\/2016\/12\/e_contact-300x225.jpg 300w, https:\/\/mediatix.com.ar\/eolos\/wp-content\/uploads\/2016\/12\/e_contact-768x576.jpg 768w\" sizes=\"auto, (max-width: 800px) 100vw, 800px\" \/>\t<\/div>\n\n\t<div class=\"mkd-pli-text-holder\" style=\"background-color: rgba(90,241,102,0.9)\">\n\t\t<div class=\"mkd-pli-text-wrapper\">\n\t\t\t<div class=\"mkd-pli-text\">\n\t\t\t\t\t<h3 itemprop=\"name\" class=\"mkd-pli-title entry-title\" >\n\t\tContact Center\t<\/h3>\n\n\t\t\t\t\n\t\t\t\t\t\t\t<\/div>\n\t\t<\/div>\n\t<\/div>\n\n\t\t\n\t\t<a itemprop=\"url\" class=\"mkd-pli-link\" href=\"\/eolos\/soluciones-contact-center\" target=\"_self\"><\/a>\n\t<\/div>\n<\/article><article class=\"mkd-pl-item  post-4044 portfolio-item type-portfolio-item status-publish has-post-thumbnail hentry portfolio-category-soluciones\">\n\t<div class=\"mkd-pl-item-inner\">\n\t\t<div class=\"mkd-pli-image\">\n\t\t\t<img loading=\"lazy\" decoding=\"async\" width=\"800\" height=\"600\" src=\"https:\/\/mediatix.com.ar\/eolos\/wp-content\/uploads\/2016\/12\/e_cooperativa.jpg\" class=\"attachment-full size-full wp-post-image\" alt=\"\" srcset=\"https:\/\/mediatix.com.ar\/eolos\/wp-content\/uploads\/2016\/12\/e_cooperativa.jpg 800w, https:\/\/mediatix.com.ar\/eolos\/wp-content\/uploads\/2016\/12\/e_cooperativa-300x225.jpg 300w, https:\/\/mediatix.com.ar\/eolos\/wp-content\/uploads\/2016\/12\/e_cooperativa-768x576.jpg 768w\" sizes=\"auto, (max-width: 800px) 100vw, 800px\" \/>\t<\/div>\n\n\t<div class=\"mkd-pli-text-holder\" style=\"background-color: rgba(90,241,102,0.9)\">\n\t\t<div class=\"mkd-pli-text-wrapper\">\n\t\t\t<div class=\"mkd-pli-text\">\n\t\t\t\t\t<h3 itemprop=\"name\" class=\"mkd-pli-title entry-title\" >\n\t\tCooperativas\t<\/h3>\n\n\t\t\t\t\n\t\t\t\t\t\t\t<\/div>\n\t\t<\/div>\n\t<\/div>\n\n\t\t\n\t\t<a itemprop=\"url\" class=\"mkd-pli-link\" href=\"\/eolos\/soluciones-cooperativas\" target=\"_self\"><\/a>\n\t<\/div>\n<\/article>\t<\/div>\n\t\n\t<\/div>[\/vc_column][\/vc_row][vc_row row_type=\u00bbparallax\u00bb content_width=\u00bbgrid\u00bb full_screen_section_height=\u00bbno\u00bb css=\u00bb.vc_custom_1492528959174{padding-top: 80px !important;background-color: #ededf1 !important;}\u00bb][vc_column]<div class=\"mkd-section-title-holder\">\n\t<h1 class=\"mkd-section-title mkd-section-title-large mkd-section-title-center\" style=\"color: #00bb58;text-align: center\">\n\t<span>\n\t\tPRODUCTOS\t<\/span>\n<\/h1>\n<\/div><div class=\"mkd-section-subtitle-holder mkd-section-subtitle-center\" style=\"width: 70%\">\n\t<p style=\"color: #0b1c2a;text-align: center\" class=\"mkd-section-subtitle\">Empresas de todos los segmentos conf\u00edan en Eolos para soluciones y tecnolog\u00edas que mejoren la eficiencia, la colaboraci\u00f3n, el servicio al cliente y la competitividad. Las comunicaciones unificadas simplifican la proliferaci\u00f3n de tecnolog\u00edas que las empresas utilizan todos los d\u00edas.<\/p>\n<\/div>[vc_empty_space height=\u00bb20px\u00bb][\/vc_column][\/vc_row][vc_row content_width=\u00bbgrid\u00bb css=\u00bb.vc_custom_1492528948733{padding-bottom: 80px !important;background-color: #ededf1 !important;}\u00bb][vc_column width=\u00bb1\/3&#8243; css=\u00bb.vc_custom_1494860848084{padding-top: 40px !important;padding-right: 20px !important;padding-left: 20px !important;}\u00bb][vc_raw_html css=\u00bb.vc_custom_1497377986455{padding-bottom: 10px !important;}\u00bb]JTNDZGl2JTIwc3R5bGUlM0QlMjJ0ZXh0LWFsaWduJTNBJTIwY2VudGVyJTNCJTIyJTNFJTBBJTNDZGl2JTIwY2xhc3MlM0QlMjJmYSUyMGZhLXNlcnZlciUyMiUyMHN0eWxlJTNEJTIyY29sb3IlM0ElMjAlMjMwMGJjNTglM0IlMjBmb250LXNpemUlM0ElMjA5MHB4JTNCJTIyJTIwJTNFJTNDJTJGZGl2JTNFJTBBJTNDJTJGZGl2JTNFJTBBJTNDJTIxLS0lMEElM0NkaXYlMjBzdHlsZSUzRCUyMnRleHQtYWxpZ24lM0ElMjBjZW50ZXIlM0IlMjIlM0UlMEElM0NhJTIwaHJlZiUzRCUyMiUyRmVvbG9zJTJGcHJvZHVjdG9zJTJGJTIyJTNFJTBBJTNDZGl2JTIwY2xhc3MlM0QlMjJmYSUyMGZhLXNlcnZlciUyMiUyMHN0eWxlJTNEJTIyY29sb3IlM0ElMjAlMjMwMGJjNTglM0IlMjBmb250LXNpemUlM0ElMjA5MHB4JTNCJTIyJTIwJTNFJTNDJTJGZGl2JTNFJTBBJTNDJTJGYSUzRSUwQSUzQyUyRmRpdiUzRSUwQS0tJTNF[\/vc_raw_html][vc_column_text el_class=\u00bbproductos_titulo\u00bb]<\/p>\n<p style=\"text-align: center;\"><span style=\"color: #00bc58;\">INFRAESTRUCTURA<\/span><\/p>\n<p>[\/vc_column_text][\/vc_column][vc_column width=\u00bb1\/3&#8243; css=\u00bb.vc_custom_1494860857822{padding-top: 40px !important;padding-right: 20px !important;padding-left: 20px !important;}\u00bb][vc_raw_html css=\u00bb.vc_custom_1497378030444{padding-bottom: 10px !important;}\u00bb]JTNDZGl2JTIwc3R5bGUlM0QlMjJ0ZXh0LWFsaWduJTNBJTIwY2VudGVyJTNCJTIyJTNFJTBBJTNDZGl2JTIwY2xhc3MlM0QlMjJmYSUyMGZhLWNvZyUyMiUyMHN0eWxlJTNEJTIyY29sb3IlM0ElMjAlMjMwMGJjNTglM0IlMjBmb250LXNpemUlM0ElMjA5MHB4JTNCJTIyJTIwJTNFJTNDJTJGZGl2JTNFJTBBJTNDJTJGZGl2JTNF[\/vc_raw_html][vc_column_text el_class=\u00bbproductos_titulo\u00bb]<\/p>\n<p style=\"text-align: center;\"><span style=\"color: #00bc58;\">SOFTWARE<\/span><\/p>\n<p>[\/vc_column_text][\/vc_column][vc_column width=\u00bb1\/3&#8243; css=\u00bb.vc_custom_1494860864988{padding-top: 40px !important;padding-right: 20px !important;padding-left: 20px !important;}\u00bb][vc_raw_html css=\u00bb.vc_custom_1497378044269{padding-bottom: 10px !important;}\u00bb]JTNDZGl2JTIwc3R5bGUlM0QlMjJ0ZXh0LWFsaWduJTNBJTIwY2VudGVyJTNCJTIyJTNFJTBBJTNDZGl2JTIwY2xhc3MlM0QlMjJmYSUyMGZhLWNsb3VkJTIyJTIwc3R5bGUlM0QlMjJjb2xvciUzQSUyMCUyMzAwYmM1OCUzQiUyMGZvbnQtc2l6ZSUzQSUyMDkwcHglM0IlMjIlMjAlM0UlM0MlMkZkaXYlM0UlMEElM0MlMkZkaXYlM0U=[\/vc_raw_html][vc_column_text el_class=\u00bbproductos_titulo\u00bb]<\/p>\n<p style=\"text-align: center;\"><span style=\"color: #00bc58;\">CLOUD SERVICES<\/span><\/p>\n<p>[\/vc_column_text][\/vc_column][\/vc_row][vc_row content_width=\u00bbgrid\u00bb css=\u00bb.vc_custom_1492528936154{padding-top: 80px !important;padding-bottom: 80px !important;}\u00bb][vc_column width=\u00bb2\/12&#8243;][\/vc_column][vc_column width=\u00bb8\/12&#8243;]<div class=\"mkd-section-title-holder\">\n\t<h1 class=\"mkd-section-title mkd-section-title-large mkd-section-title-center\" style=\"color: #0b1c2a;text-align: center\">\n\t<span>\n\t\tCONT\u00c1CTENOS\t<\/span>\n<\/h1>\n<\/div><div class=\"mkd-section-subtitle-holder mkd-section-subtitle-center\" style=\"width: 70%\">\n\t<p style=\"color: #0b1c2a;text-align: center\" class=\"mkd-section-subtitle\">Complete el formulario y nos pondremos en contacto a la brevedad. <\/p>\n<\/div>[vc_empty_space height=\u00bb40&#8243;]\n<div class=\"wpcf7 no-js\" id=\"wpcf7-f1373-o1\" lang=\"en-US\" dir=\"ltr\" data-wpcf7-id=\"1373\">\n<div class=\"screen-reader-response\"><p role=\"status\" aria-live=\"polite\" aria-atomic=\"true\"><\/p> <ul><\/ul><\/div>\n<form action=\"\/eolos\/wp-json\/wp\/v2\/pages\/4807#wpcf7-f1373-o1\" method=\"post\" class=\"wpcf7-form init\" aria-label=\"Contact form\" novalidate=\"novalidate\" data-status=\"init\">\n<fieldset class=\"hidden-fields-container\"><input type=\"hidden\" name=\"_wpcf7\" value=\"1373\" \/><input type=\"hidden\" name=\"_wpcf7_version\" value=\"6.1.5\" \/><input type=\"hidden\" name=\"_wpcf7_locale\" value=\"en_US\" \/><input type=\"hidden\" name=\"_wpcf7_unit_tag\" value=\"wpcf7-f1373-o1\" \/><input type=\"hidden\" name=\"_wpcf7_container_post\" value=\"0\" \/><input type=\"hidden\" name=\"_wpcf7_posted_data_hash\" value=\"\" \/>\n<\/fieldset>\n<div class=\"mkd-grid-row mkd-smaller-gutter clearfix\">\n\t<div class=\"mkd-grid-col-6 mkd-smaller-gutter\">\n\t\t<p><span class=\"wpcf7-form-control-wrap\" data-name=\"your-fist-name\"><input size=\"40\" maxlength=\"400\" class=\"wpcf7-form-control wpcf7-text wpcf7-validates-as-required\" aria-required=\"true\" aria-invalid=\"false\" placeholder=\"Nombre\" value=\"\" type=\"text\" name=\"your-fist-name\" \/><\/span>\n\t\t<\/p>\n\t<\/div>\n\t<div class=\"mkd-grid-col-6\">\n\t\t<p><span class=\"wpcf7-form-control-wrap\" data-name=\"your-last-name\"><input size=\"40\" maxlength=\"400\" class=\"wpcf7-form-control wpcf7-text wpcf7-validates-as-required\" aria-required=\"true\" aria-invalid=\"false\" placeholder=\"Apellido\" value=\"\" type=\"text\" name=\"your-last-name\" \/><\/span>\n\t\t<\/p>\n\t<\/div>\n<\/div>\n<div class=\"mkd-grid-row mkd-smaller-gutter clearfix\">\n\t<div class=\"mkd-grid-col-6\">\n\t\t<p><span class=\"wpcf7-form-control-wrap\" data-name=\"your-email\"><input size=\"40\" maxlength=\"400\" class=\"wpcf7-form-control wpcf7-email wpcf7-validates-as-required wpcf7-text wpcf7-validates-as-email\" aria-required=\"true\" aria-invalid=\"false\" placeholder=\"Email\" value=\"\" type=\"email\" name=\"your-email\" \/><\/span>\n\t\t<\/p>\n\t<\/div>\n\t<div class=\"mkd-grid-col-6\">\n\t\t<p><span class=\"wpcf7-form-control-wrap\" data-name=\"your-phone\"><input size=\"40\" maxlength=\"400\" class=\"wpcf7-form-control wpcf7-text wpcf7-validates-as-required\" aria-required=\"true\" aria-invalid=\"false\" placeholder=\"Tel\u00e9fono\" value=\"\" type=\"text\" name=\"your-phone\" \/><\/span>\n\t\t<\/p>\n\t<\/div>\n<\/div>\n<div class=\"mkd-grid-row mkd-smaller-gutter clearfix\">\n\t<div class=\"mkd-grid-col-12\">\n\t\t<div>\n\t\t\t<p><span class=\"wpcf7-form-control-wrap\" data-name=\"your-message\"><textarea cols=\"40\" rows=\"10\" maxlength=\"2000\" class=\"wpcf7-form-control wpcf7-textarea\" aria-invalid=\"false\" placeholder=\"Escriba su comentario...\" name=\"your-message\"><\/textarea><\/span>\n\t\t\t<\/p>\n\t\t<\/div>\n\t\t<div style=\"text-align:center;\">\n\t\t\t<p><input class=\"wpcf7-form-control wpcf7-submit has-spinner\" type=\"submit\" value=\"ENVIAR\" \/>\n\t\t\t<\/p>\n\t\t<\/div>\n\t<\/div>\n<\/div><div class=\"wpcf7-response-output\" aria-hidden=\"true\"><\/div>\n<\/form>\n<\/div>\n[\/vc_column][vc_column width=\u00bb2\/12&#8243;][\/vc_column][\/vc_row]<\/p>\n","protected":false},"excerpt":{"rendered":"<p>[vc_row][vc_column][rev_slider_vc alias=\u00bbhome-2&#8243;][\/vc_column][\/vc_row][vc_row content_width=\u00bbgrid\u00bb][vc_column css=\u00bb.vc_custom_1492633551351{padding-top: 20px !important;padding-bottom: 20px !important;}\u00bb][\/vc_column][\/vc_row][vc_row row_type=\u00bbparallax\u00bb content_width=\u00bbgrid\u00bb full_screen_section_height=\u00bbno\u00bb css=\u00bb.vc_custom_1492528968099{padding-top: 80px !important;padding-bottom: 80px !important;background-color: #23323f !important;}\u00bb][vc_column][vc_empty_space height=\u00bb60px\u00bb][\/vc_column][\/vc_row][vc_row row_type=\u00bbparallax\u00bb content_width=\u00bbgrid\u00bb full_screen_section_height=\u00bbno\u00bb css=\u00bb.vc_custom_1492528959174{padding-top: 80px !important;background-color: #ededf1 !important;}\u00bb][vc_column][vc_empty_space height=\u00bb20px\u00bb][\/vc_column][\/vc_row][vc_row content_width=\u00bbgrid\u00bb css=\u00bb.vc_custom_1492528948733{padding-bottom: 80px !important;background-color: #ededf1 !important;}\u00bb][vc_column width=\u00bb1\/3&#8243; css=\u00bb.vc_custom_1494860848084{padding-top: 40px !important;padding-right: 20px !important;padding-left: 20px !important;}\u00bb][vc_raw_html css=\u00bb.vc_custom_1497377986455{padding-bottom: 10px !important;}\u00bb]JTNDZGl2JTIwc3R5bGUlM0QlMjJ0ZXh0LWFsaWduJTNBJTIwY2VudGVyJTNCJTIyJTNFJTBBJTNDZGl2JTIwY2xhc3MlM0QlMjJmYSUyMGZhLXNlcnZlciUyMiUyMHN0eWxlJTNEJTIyY29sb3IlM0ElMjAlMjMwMGJjNTglM0IlMjBmb250LXNpemUlM0ElMjA5MHB4JTNCJTIyJTIwJTNFJTNDJTJGZGl2JTNFJTBBJTNDJTJGZGl2JTNFJTBBJTNDJTIxLS0lMEElM0NkaXYlMjBzdHlsZSUzRCUyMnRleHQtYWxpZ24lM0ElMjBjZW50ZXIlM0IlMjIlM0UlMEElM0NhJTIwaHJlZiUzRCUyMiUyRmVvbG9zJTJGcHJvZHVjdG9zJTJGJTIyJTNFJTBBJTNDZGl2JTIwY2xhc3MlM0QlMjJmYSUyMGZhLXNlcnZlciUyMiUyMHN0eWxlJTNEJTIyY29sb3IlM0ElMjAlMjMwMGJjNTglM0IlMjBmb250LXNpemUlM0ElMjA5MHB4JTNCJTIyJTIwJTNFJTNDJTJGZGl2JTNFJTBBJTNDJTJGYSUzRSUwQSUzQyUyRmRpdiUzRSUwQS0tJTNF[\/vc_raw_html][vc_column_text&#8230;<\/p>\n","protected":false},"author":3,"featured_media":0,"parent":0,"menu_order":0,"comment_status":"closed","ping_status":"closed","template":"full-width.php","meta":{"footnotes":""},"class_list":["post-4807","page","type-page","status-publish","hentry"],"_links":{"self":[{"href":"https:\/\/mediatix.com.ar\/eolos\/wp-json\/wp\/v2\/pages\/4807","targetHints":{"allow":["GET"]}}],"collection":[{"href":"https:\/\/mediatix.com.ar\/eolos\/wp-json\/wp\/v2\/pages"}],"about":[{"href":"https:\/\/mediatix.com.ar\/eolos\/wp-json\/wp\/v2\/types\/page"}],"author":[{"embeddable":true,"href":"https:\/\/mediatix.com.ar\/eolos\/wp-json\/wp\/v2\/users\/3"}],"replies":[{"embeddable":true,"href":"https:\/\/mediatix.com.ar\/eolos\/wp-json\/wp\/v2\/comments?post=4807"}],"version-history":[{"count":95,"href":"https:\/\/mediatix.com.ar\/eolos\/wp-json\/wp\/v2\/pages\/4807\/revisions"}],"predecessor-version":[{"id":5774,"href":"https:\/\/mediatix.com.ar\/eolos\/wp-json\/wp\/v2\/pages\/4807\/revisions\/5774"}],"wp:attachment":[{"href":"https:\/\/mediatix.com.ar\/eolos\/wp-json\/wp\/v2\/media?parent=4807"}],"curies":[{"name":"wp","href":"https:\/\/api.w.org\/{rel}","templated":true}]}}